{"id":7,"date":"2024-03-27T14:12:54","date_gmt":"2024-03-27T13:12:54","guid":{"rendered":"https:\/\/www.leslapinousvoyageurs.fr\/index.php\/newsletter\/"},"modified":"2024-03-27T14:12:54","modified_gmt":"2024-03-27T13:12:54","slug":"newsletter","status":"publish","type":"page","link":"https:\/\/www.leslapinousvoyageurs.fr\/index.php\/newsletter\/","title":{"rendered":"Newsletter"},"content":{"rendered":"<p>Inscrivez-vous ici pour recevoir par email tous les voyages propos\u00e9s par l'association.<\/p>\r\n<p><div class=\"tnp tnp-subscription \">\n<form method=\"post\" action=\"https:\/\/www.leslapinousvoyageurs.fr\/wp-admin\/admin-ajax.php?action=tnp&amp;na=s\">\n<input type=\"hidden\" name=\"nlang\" value=\"\">\n<div class=\"tnp-field tnp-field-firstname\"><label for=\"tnp-1\">Pr\u00e9nom<\/label>\n<input class=\"tnp-name\" type=\"text\" name=\"nn\" id=\"tnp-1\" value=\"\" placeholder=\"\" required><\/div>\n<div class=\"tnp-field tnp-field-surname\"><label for=\"tnp-2\">Nom de famille<\/label>\n<input class=\"tnp-surname\" type=\"text\" name=\"ns\" id=\"tnp-2\" value=\"\" placeholder=\"\" required><\/div><div class=\"tnp-field tnp-field-email\"><label for=\"tnp-3\">E-mail<\/label>\n<input class=\"tnp-email\" type=\"email\" name=\"ne\" id=\"tnp-3\" value=\"\" placeholder=\"\" required><\/div>\n<div class=\"tnp-field tnp-field-button\" style=\"text-align: left\"><input class=\"tnp-submit\" type=\"submit\" value=\"S&#039;abonner\" style=\"\">\n<\/div>\n<\/form>\n<\/div>\n<\/p>\r\n<p>Pensez \u00e0 v\u00e9rifier vos spams et \u00e0 autoriser l'adresse newsletter@leslapinousvoyageurs.fr pour recevoir nos emails.<\/p>\n","protected":false},"excerpt":{"rendered":"","protected":false},"author":2,"featured_media":0,"parent":0,"menu_order":0,"comment_status":"closed","ping_status":"closed","template":"","meta":{"footnotes":""},"class_list":["post-7","page","type-page","status-publish","hentry"],"_links":{"self":[{"href":"https:\/\/www.leslapinousvoyageurs.fr\/index.php\/wp-json\/wp\/v2\/pages\/7","targetHints":{"allow":["GET"]}}],"collection":[{"href":"https:\/\/www.leslapinousvoyageurs.fr\/index.php\/wp-json\/wp\/v2\/pages"}],"about":[{"href":"https:\/\/www.leslapinousvoyageurs.fr\/index.php\/wp-json\/wp\/v2\/types\/page"}],"author":[{"embeddable":true,"href":"https:\/\/www.leslapinousvoyageurs.fr\/index.php\/wp-json\/wp\/v2\/users\/2"}],"replies":[{"embeddable":true,"href":"https:\/\/www.leslapinousvoyageurs.fr\/index.php\/wp-json\/wp\/v2\/comments?post=7"}],"version-history":[{"count":0,"href":"https:\/\/www.leslapinousvoyageurs.fr\/index.php\/wp-json\/wp\/v2\/pages\/7\/revisions"}],"wp:attachment":[{"href":"https:\/\/www.leslapinousvoyageurs.fr\/index.php\/wp-json\/wp\/v2\/media?parent=7"}],"curies":[{"name":"wp","href":"https:\/\/api.w.org\/{rel}","templated":true}]}}