{"id":574,"date":"2025-07-31T22:04:22","date_gmt":"2025-07-31T20:04:22","guid":{"rendered":"https:\/\/www.leslapinousvoyageurs.fr\/?page_id=574"},"modified":"2025-07-31T22:35:24","modified_gmt":"2025-07-31T20:35:24","slug":"aide-foire-aux-questions","status":"publish","type":"page","link":"https:\/\/www.leslapinousvoyageurs.fr\/index.php\/aide-foire-aux-questions\/","title":{"rendered":"Aide \/ Foire aux Questions"},"content":{"rendered":"\n<p class=\"has-black-color has-text-color has-link-color has-medium-font-size wp-elements-fad9244a827f29f89d324ff61910db2f\"><strong>Vous retrouverez ici des vid\u00e9os permettant de vous aider \u00e0 faire des actions sur le site.<\/strong><\/p>\n\n\n\n<h2 class=\"wp-block-heading has-black-color has-text-color has-link-color wp-elements-7441c929c74746b17e2dd17ee82f4f2d\">Comment r\u00e9server un voyage et consulter ses r\u00e9servations<\/h2>\n\n\n\n<figure class=\"wp-block-embed is-type-video is-provider-youtube wp-block-embed-youtube wp-embed-aspect-16-9 wp-has-aspect-ratio\"><div class=\"wp-block-embed__wrapper\">\n<iframe loading=\"lazy\" title=\"LesLapinousVoyageurs Comment S&#039;inscrire et R\u00e9server un Voyage\" width=\"525\" height=\"295\" src=\"https:\/\/www.youtube.com\/embed\/DVob_-q4vWA?feature=oembed\" frameborder=\"0\" allow=\"accelerometer; autoplay; clipboard-write; encrypted-media; gyroscope; picture-in-picture; web-share\" referrerpolicy=\"strict-origin-when-cross-origin\" allowfullscreen><\/iframe>\n<\/div><\/figure>\n\n\n\n<p><\/p>\n\n\n\n<p><\/p>\n\n\n\n<p><\/p>\n\n\n\n<p><\/p>\n\n\n\n<p><\/p>\n\n\n\n<p><\/p>\n\n\n\n<p><\/p>\n\n\n\n<p><\/p>\n","protected":false},"excerpt":{"rendered":"<p>Vous retrouverez ici des vid\u00e9os permettant de vous aider \u00e0 faire des actions sur le site. Comment r\u00e9server un voyage et consulter ses r\u00e9servations<\/p>\n","protected":false},"author":2,"featured_media":0,"parent":0,"menu_order":0,"comment_status":"closed","ping_status":"closed","template":"","meta":{"footnotes":""},"class_list":["post-574","page","type-page","status-publish","hentry"],"_links":{"self":[{"href":"https:\/\/www.leslapinousvoyageurs.fr\/index.php\/wp-json\/wp\/v2\/pages\/574","targetHints":{"allow":["GET"]}}],"collection":[{"href":"https:\/\/www.leslapinousvoyageurs.fr\/index.php\/wp-json\/wp\/v2\/pages"}],"about":[{"href":"https:\/\/www.leslapinousvoyageurs.fr\/index.php\/wp-json\/wp\/v2\/types\/page"}],"author":[{"embeddable":true,"href":"https:\/\/www.leslapinousvoyageurs.fr\/index.php\/wp-json\/wp\/v2\/users\/2"}],"replies":[{"embeddable":true,"href":"https:\/\/www.leslapinousvoyageurs.fr\/index.php\/wp-json\/wp\/v2\/comments?post=574"}],"version-history":[{"count":19,"href":"https:\/\/www.leslapinousvoyageurs.fr\/index.php\/wp-json\/wp\/v2\/pages\/574\/revisions"}],"predecessor-version":[{"id":601,"href":"https:\/\/www.leslapinousvoyageurs.fr\/index.php\/wp-json\/wp\/v2\/pages\/574\/revisions\/601"}],"wp:attachment":[{"href":"https:\/\/www.leslapinousvoyageurs.fr\/index.php\/wp-json\/wp\/v2\/media?parent=574"}],"curies":[{"name":"wp","href":"https:\/\/api.w.org\/{rel}","templated":true}]}}