{"id":3,"date":"2024-03-26T18:00:25","date_gmt":"2024-03-26T17:00:25","guid":{"rendered":"http:\/\/rrrrdrd.cluster029.hosting.ovh.net\/?page_id=3"},"modified":"2024-05-26T10:11:23","modified_gmt":"2024-05-26T08:11:23","slug":"politique-de-confidentialite","status":"publish","type":"page","link":"https:\/\/www.leslapinousvoyageurs.fr\/index.php\/politique-de-confidentialite\/","title":{"rendered":"Qui sommes nous ?"},"content":{"rendered":"\n<h2 class=\"wp-block-heading\">Les Lapinous Voyageurs<\/h2>\n\n\n\n<p>Tout a commenc\u00e9 en f\u00e9vrier 2019, lorsque nous d\u00e9cidons de cr\u00e9er une association de voyage afin de donner la possibilit\u00e9 aux personnes d&rsquo;acc\u00e9der facilement \u00e0 des s\u00e9jours et des sorties gr\u00e2ce aux transports en commun, tout en mettant tout en \u0153uvre pour trouver les prix les plus abordables possible. Nous sommes une petite association compos\u00e9e d&rsquo;une quinzaine  de membres actifs et d&rsquo;un pr\u00e9sident. Nich\u00e9e au c\u0153ur d&rsquo;un petit village, Labeuvri\u00e8re, l&rsquo;association propose des activit\u00e9s de loisirs pour petits et grands.<\/p>\n\n\n\n<p>Notre plus gros s\u00e9jour actuellement,  c&rsquo;est notre semaine \u00e0 la neige dans les Alpes et Hautes Provence qui a r\u00e9v\u00e9l\u00e9 \u00eatre un franc succ\u00e8s et en prime avec une ambiance de folie ! Mais nous ne nous arr\u00eatons pas l\u00e0 ! \u00ab\u00a0Toujours plus\u00a0\u00bb est notre slogan et nous vous pr\u00e9parons d&rsquo;autres s\u00e9jours, d&rsquo;autres sorties toutes plus int\u00e9ressantes les unes que les autres ! Je vous invite \u00e0 aller dans notre rubrique -voyages- pour les consulter.<\/p>\n\n\n\n<p>Notre objectif est de vous faire passer des moments agr\u00e9ables, avec des programmes simples, sans aucune obligation, ou presque, en famille, entre amis ou seul !<\/p>\n\n\n\n<p>Nous sommes bas\u00e9 sur la commune de Labeuvri\u00e8re, dans le Pas de Calais. Le bus qui nous transporte aux activit\u00e9s, n&rsquo;a qu&rsquo; un seul et unique arr\u00eat LABEUVRIERE.<\/p>\n","protected":false},"excerpt":{"rendered":"<p>Les Lapinous Voyageurs Tout a commenc\u00e9 en f\u00e9vrier 2019, lorsque nous d\u00e9cidons de cr\u00e9er une association de voyage afin de donner la possibilit\u00e9 aux personnes d&rsquo;acc\u00e9der facilement \u00e0 des s\u00e9jours et des sorties gr\u00e2ce aux transports en commun, tout en mettant tout en \u0153uvre pour trouver les prix les plus abordables possible. Nous sommes une [&hellip;]<\/p>\n","protected":false},"author":1,"featured_media":0,"parent":0,"menu_order":0,"comment_status":"closed","ping_status":"open","template":"","meta":{"footnotes":""},"class_list":["post-3","page","type-page","status-publish","hentry"],"_links":{"self":[{"href":"https:\/\/www.leslapinousvoyageurs.fr\/index.php\/wp-json\/wp\/v2\/pages\/3","targetHints":{"allow":["GET"]}}],"collection":[{"href":"https:\/\/www.leslapinousvoyageurs.fr\/index.php\/wp-json\/wp\/v2\/pages"}],"about":[{"href":"https:\/\/www.leslapinousvoyageurs.fr\/index.php\/wp-json\/wp\/v2\/types\/page"}],"author":[{"embeddable":true,"href":"https:\/\/www.leslapinousvoyageurs.fr\/index.php\/wp-json\/wp\/v2\/users\/1"}],"replies":[{"embeddable":true,"href":"https:\/\/www.leslapinousvoyageurs.fr\/index.php\/wp-json\/wp\/v2\/comments?post=3"}],"version-history":[{"count":2,"href":"https:\/\/www.leslapinousvoyageurs.fr\/index.php\/wp-json\/wp\/v2\/pages\/3\/revisions"}],"predecessor-version":[{"id":202,"href":"https:\/\/www.leslapinousvoyageurs.fr\/index.php\/wp-json\/wp\/v2\/pages\/3\/revisions\/202"}],"wp:attachment":[{"href":"https:\/\/www.leslapinousvoyageurs.fr\/index.php\/wp-json\/wp\/v2\/media?parent=3"}],"curies":[{"name":"wp","href":"https:\/\/api.w.org\/{rel}","templated":true}]}}